{"id":12150,"date":"2025-07-26T13:49:39","date_gmt":"2025-07-26T11:49:39","guid":{"rendered":"https:\/\/novo.solido.co.mz\/?page_id=12150"},"modified":"2025-11-10T14:38:29","modified_gmt":"2025-11-10T12:38:29","slug":"contas-para-associacoes","status":"publish","type":"page","link":"https:\/\/solido.co.mz\/pt\/contas-para-associacoes\/","title":{"rendered":"Contas para Associa\u00e7\u00f5es"},"content":{"rendered":"\t\t<div data-elementor-type=\"wp-page\" data-elementor-id=\"12150\" class=\"elementor elementor-12150\">\n\t\t\t\t<div class=\"elementor-element elementor-element-72028bf e-flex e-con-boxed pxl-row-scroll-none pxl-column-none pxl-full-content-with-space-none pxl-none e-con e-parent \" data-id=\"72028bf\" data-element_type=\"container\" data-settings=\"{&quot;background_background&quot;:&quot;classic&quot;}\">\t\t\t<div class=\"e-con-inner\">\r\n\t\t<div class=\"elementor-element elementor-element-fddde4d e-con-full e-flex pxl-row-scroll-none pxl-column-none pxl-full-content-with-space-none pxl-none e-con e-child \" data-id=\"fddde4d\" data-element_type=\"container\" data-settings=\"{&quot;background_background&quot;:&quot;classic&quot;}\">\t\t<div class=\"elementor-element elementor-element-cf850fa pxl-none elementor-widget elementor-widget-pxl_heading\" data-id=\"cf850fa\" data-element_type=\"widget\" data-widget_type=\"pxl_heading.default\">\n\t\t\t\t<div class=\"elementor-widget-container\">\n\t\t\t\t\t\n<div id=\"pxl-pxl_heading-cf850fa-2305\" class=\"pxl-heading   px-sub-title-default-style \">\n\t<div class=\"pxl-heading--inner\">\n\t\t\n\t\t<div class=\"pxl-item--title style-default gradient  highlight-default \" data-wow-delay=\"ms\">\n\t\t\t\t\tMicrobanco S\u00f3lido\t\n\t\t\t\n\t\t<\/div>\n\t\t\n\t<\/div>\n<\/div>\t\t\t\t<\/div>\n\t\t\t\t<\/div>\n\t\t\t\t<div class=\"elementor-element elementor-element-b08c490 elementor-widget__width-inherit pxl-none elementor-invisible elementor-widget elementor-widget-pxl_heading\" data-id=\"b08c490\" data-element_type=\"widget\" data-settings=\"{&quot;_animation&quot;:&quot;fadeInUp&quot;}\" data-widget_type=\"pxl_heading.default\">\n\t\t\t\t<div class=\"elementor-widget-container\">\n\t\t\t\t\t\n<div id=\"pxl-pxl_heading-b08c490-5313\" class=\"pxl-heading   px-sub-title-default-style \">\n\t<div class=\"pxl-heading--inner\">\n\t\t\n\t\t<h1 class=\"pxl-item--title style-default color  highlight-default \" data-wow-delay=\"ms\">\n\t\t\t\t\tContas para Associa\u00e7\u00f5es\t\n\t\t\t\n\t\t<\/h1>\n\t\t\n\t<\/div>\n<\/div>\t\t\t\t<\/div>\n\t\t\t\t<\/div>\n\t\t\t\t<div class=\"elementor-element elementor-element-59eefc4 pxl-none elementor-widget elementor-widget-pxl_text_editor\" data-id=\"59eefc4\" data-element_type=\"widget\" data-widget_type=\"pxl_text_editor.default\">\n\t\t\t\t<div class=\"elementor-widget-container\">\n\t\t\t\t\t<div class=\"pxl-text-editor default\">\n\t<div class=\"pxl-item--inner  \" data-wow-delay=\"ms\">\n\t\t<p>Organiza\u00e7\u00f5es N\u00e3o Governamentais (ONG) Nacionais, Partidos Pol\u00edticos, Clubes Desportivos<\/p>\t\t\n\t<\/div>\n<\/div>\t\t\t\t<\/div>\n\t\t\t\t<\/div>\n\t\t\t\t<\/div>\r\n\t\t\t\t\t<\/div>\r\n\t\t\t\t<\/div>\r\n\t\t<div class=\"elementor-element elementor-element-0c07795 e-con-full e-flex pxl-row-scroll-none pxl-column-none pxl-full-content-with-space-none pxl-none e-con e-parent \" data-id=\"0c07795\" data-element_type=\"container\" data-settings=\"{&quot;background_background&quot;:&quot;classic&quot;}\"><div class=\"elementor-element elementor-element-57ef105 pxl-row-scroll-fixed e-con-full e-flex pxl-column-none pxl-full-content-with-space-none pxl-none e-con e-child \" data-id=\"57ef105\" data-element_type=\"container\"><div class=\"elementor-element elementor-element-e333c5f e-con-full pxl-column-sticky e-flex pxl-row-scroll-none pxl-full-content-with-space-none pxl-none e-con e-child \" data-id=\"e333c5f\" data-element_type=\"container\" data-settings=\"{&quot;background_background&quot;:&quot;classic&quot;}\"><div class=\"elementor-element elementor-element-cd448ac e-con-full e-flex pxl-row-scroll-none pxl-column-none pxl-full-content-with-space-none pxl-none e-con e-child \" data-id=\"cd448ac\" data-element_type=\"container\">\t\t<div class=\"elementor-element elementor-element-566f17b pxl-none elementor-widget elementor-widget-pxl_heading\" data-id=\"566f17b\" data-element_type=\"widget\" data-widget_type=\"pxl_heading.default\">\n\t\t\t\t<div class=\"elementor-widget-container\">\n\t\t\t\t\t\n<div id=\"pxl-pxl_heading-566f17b-3585\" class=\"pxl-heading   px-sub-title-default-style \">\n\t<div class=\"pxl-heading--inner\">\n\t\t\n\t\t<h3 class=\"pxl-item--title style-default color  highlight-default \" data-wow-delay=\"ms\">\n\t\t\t\t\tDocumentos Necess\u00e1rios\t\n\t\t\t\n\t\t<\/h3>\n\t\t\n\t<\/div>\n<\/div>\t\t\t\t<\/div>\n\t\t\t\t<\/div>\n\t\t\t\t<div class=\"elementor-element elementor-element-52a4ee8 pxl-none elementor-widget elementor-widget-pxl_text_editor\" data-id=\"52a4ee8\" data-element_type=\"widget\" data-widget_type=\"pxl_text_editor.default\">\n\t\t\t\t<div class=\"elementor-widget-container\">\n\t\t\t\t\t<div class=\"pxl-text-editor default\">\n\t<div class=\"pxl-item--inner  \" data-wow-delay=\"ms\">\n\t\t<ul><li>Carta de pedido de abertura da conta, indicando a moeda e os assinantes da conta;<\/li><li>Certid\u00e3o actualizada da Conservat\u00f3ria de Registo das Entidades Legais, emitida \u00e0 menos de 90 dias da data de abertura da conta;<\/li><li>Estatutos publicados em Boletim da Rep\u00fablica;<\/li><li>Comprovativo do N\u00famero \u00danico de Identifica\u00e7\u00e3o Tribut\u00e1ria (NUIT) da entidade;<\/li><li>Identifica\u00e7\u00e3o dos membros do \u00f3rg\u00e3os de gest\u00e3o nomeadamente administradores, gerentes, gestores com recurso a Certid\u00e3o de Registo ou dos estatutos da entidade. Caso a referida informa\u00e7\u00e3o n\u00e3o conste dos referidos documentos, poder\u00e1 ser extra\u00edda da Acta da Assembleia Geral e\/ou de outro \u00f3rg\u00e3o competente da Entidade, em que a nomea\u00e7\u00e3o \u00e9 feita;<\/li><li>Caso o assinante da conta n\u00e3o seja administrador ou gestor da entidade, dever\u00e1 apresentar uma Acta ou documento equivalente do Conselho de Administra\u00e7\u00e3o ou outro \u00f3rg\u00e3o competente da sociedade ou documento equiparado, que deve ser assinado e reconhecida em not\u00e1rio;<\/li><li>Comprovativo de morada da entidade;<\/li><li>Comprovativo de resid\u00eancia do assinante actualizado emitido \u00e0 menos de 90 dias da data de abertura da conta (Declara\u00e7\u00e3o do Bairro, factura de \u00e1gua ou energia em nome do cliente, entre outros);<\/li><li>Documento de identifica\u00e7\u00e3o do assinante e dos representantes legais da entidade (BI, Passaporte, DIRE, Outro);<\/li><li>Comprovativo do N\u00famero \u00danico de Identifica\u00e7\u00e3o Tribut\u00e1ria (NUIT) do representante legal;<\/li><\/ul><div id=\"ag-1753530653429\">\u00a0<\/div>\t\t\n\t<\/div>\n<\/div>\t\t\t\t<\/div>\n\t\t\t\t<\/div>\n\t\t\t\t<\/div>\r\n\t\t\t\t<\/div>\r\n\t\t<div class=\"elementor-element elementor-element-060029d e-con-full pxl-column-sticky e-flex pxl-row-scroll-none pxl-full-content-with-space-none pxl-none e-con e-child \" data-id=\"060029d\" data-element_type=\"container\" data-settings=\"{&quot;background_background&quot;:&quot;classic&quot;}\"><div class=\"elementor-element elementor-element-da96349 e-con-full e-flex pxl-row-scroll-none pxl-column-none pxl-full-content-with-space-none pxl-none e-con e-child \" data-id=\"da96349\" data-element_type=\"container\">\t\t<div class=\"elementor-element elementor-element-8788d5e pxl-none elementor-widget elementor-widget-pxl_heading\" data-id=\"8788d5e\" data-element_type=\"widget\" data-widget_type=\"pxl_heading.default\">\n\t\t\t\t<div class=\"elementor-widget-container\">\n\t\t\t\t\t\n<div id=\"pxl-pxl_heading-8788d5e-7266\" class=\"pxl-heading   px-sub-title-default-style \">\n\t<div class=\"pxl-heading--inner\">\n\t\t\n\t\t<h3 class=\"pxl-item--title style-default color  highlight-default \" data-wow-delay=\"ms\">\n\t\t\t\t\tConfiss\u00f5es Religiosas\t\n\t\t\t\n\t\t<\/h3>\n\t\t\n\t<\/div>\n<\/div>\t\t\t\t<\/div>\n\t\t\t\t<\/div>\n\t\t\t\t<div class=\"elementor-element elementor-element-ba0c312 pxl-none elementor-widget elementor-widget-pxl_text_editor\" data-id=\"ba0c312\" data-element_type=\"widget\" data-widget_type=\"pxl_text_editor.default\">\n\t\t\t\t<div class=\"elementor-widget-container\">\n\t\t\t\t\t<div class=\"pxl-text-editor default\">\n\t<div class=\"pxl-item--inner  \" data-wow-delay=\"ms\">\n\t\t<p>Estas entidades devem apresentar a informa\u00e7\u00e3o descrita para a abertura de conta das Associa\u00e7\u00f5es com excep\u00e7\u00e3o da informa\u00e7\u00e3o referente a Certid\u00e3o de Registo de Entidade Legal que pode ser substitu\u00edda por uma Certid\u00e3o e\/ou Declara\u00e7\u00e3o do Minist\u00e9rio da Justi\u00e7a, Assuntos Constitucionais e Religiosos o qual \u00e9 reconhecida a sua exist\u00eancia.<\/p>\t\t\n\t<\/div>\n<\/div>\t\t\t\t<\/div>\n\t\t\t\t<\/div>\n\t\t\t\t<\/div>\r\n\t\t\t\t<\/div>\r\n\t\t<div class=\"elementor-element elementor-element-9cf5059 e-con-full pxl-column-sticky e-flex pxl-row-scroll-none pxl-full-content-with-space-none pxl-none e-con e-child \" data-id=\"9cf5059\" data-element_type=\"container\" data-settings=\"{&quot;background_background&quot;:&quot;classic&quot;}\"><div class=\"elementor-element elementor-element-e271d60 e-con-full e-flex pxl-row-scroll-none pxl-column-none pxl-full-content-with-space-none pxl-none e-con e-child \" data-id=\"e271d60\" data-element_type=\"container\">\t\t<div class=\"elementor-element elementor-element-79efe5f pxl-none elementor-widget elementor-widget-pxl_heading\" data-id=\"79efe5f\" data-element_type=\"widget\" data-widget_type=\"pxl_heading.default\">\n\t\t\t\t<div class=\"elementor-widget-container\">\n\t\t\t\t\t\n<div id=\"pxl-pxl_heading-79efe5f-3874\" class=\"pxl-heading   px-sub-title-default-style \">\n\t<div class=\"pxl-heading--inner\">\n\t\t\n\t\t<h3 class=\"pxl-item--title style-default color  highlight-default \" data-wow-delay=\"ms\">\n\t\t\t\t\tFunda\u00e7\u00f5es\t\n\t\t\t\n\t\t<\/h3>\n\t\t\n\t<\/div>\n<\/div>\t\t\t\t<\/div>\n\t\t\t\t<\/div>\n\t\t\t\t<div class=\"elementor-element elementor-element-df26fb8 pxl-none elementor-widget elementor-widget-pxl_text_editor\" data-id=\"df26fb8\" data-element_type=\"widget\" data-widget_type=\"pxl_text_editor.default\">\n\t\t\t\t<div class=\"elementor-widget-container\">\n\t\t\t\t\t<div class=\"pxl-text-editor default\">\n\t<div class=\"pxl-item--inner  \" data-wow-delay=\"ms\">\n\t\t<p>As Funda\u00e7\u00f5es devem apresentar a informa\u00e7\u00e3o descrita para a abertura das contas das Associa\u00e7\u00f5es com a especifica\u00e7\u00e3o de que devem tamb\u00e9m disponibilizar: Identifica\u00e7\u00e3o dos instituidores; Relat\u00f3rio de gest\u00e3o; Contas e pareceres do \u00f3rg\u00e3o fiscal respeitantes aos \u00faltimos tr\u00eas anos, quando aplic\u00e1vel; Relat\u00f3rio de actividades respeitantes aos \u00faltimos tr\u00eas anos, quando aplic\u00e1vel; Relat\u00f3rio anual de auditoria interna, quando aplic\u00e1vel.<\/p>\t\t\n\t<\/div>\n<\/div>\t\t\t\t<\/div>\n\t\t\t\t<\/div>\n\t\t\t\t<\/div>\r\n\t\t\t\t<\/div>\r\n\t\t\t\t<\/div>\r\n\t\t\t\t<\/div>\r\n\t\t\t\t<\/div>\n\t\t","protected":false},"excerpt":{"rendered":"<p>Microbanco S\u00f3lido Contas para Associa\u00e7\u00f5es Organiza\u00e7\u00f5es N\u00e3o Governamentais (ONG) Nacionais, Partidos Pol\u00edticos, Clubes Desportivos Documentos Necess\u00e1rios Carta de pedido de abertura da conta, indicando a moeda e os assinantes da conta; Certid\u00e3o actualizada da Conservat\u00f3ria de Registo das Entidades Legais, emitida \u00e0 menos de 90 dias da data de abertura da conta; Estatutos publicados em [&hellip;]<\/p>\n","protected":false},"author":1,"featured_media":0,"parent":0,"menu_order":0,"comment_status":"closed","ping_status":"closed","template":"","meta":{"footnotes":""},"class_list":["post-12150","page","type-page","status-publish","hentry"],"yoast_head":"<!-- This site is optimized with the Yoast SEO plugin v26.4 - https:\/\/yoast.com\/wordpress\/plugins\/seo\/ -->\n<title>Contas para Associa\u00e7\u00f5es em Mozambique - S\u00f3lido - T\u00e1 F\u00e1cil<\/title>\n<meta name=\"description\" content=\"Abra conta para associa\u00e7\u00f5es no S\u00f3lido em Mozambique: ONGs, clubes, entidades sem fins lucrativos. Gest\u00e3o digital, seguran\u00e7a e apoio dedicado. T\u00e1 F\u00e1cil!\" \/>\n<meta name=\"robots\" content=\"index, follow, max-snippet:-1, max-image-preview:large, max-video-preview:-1\" \/>\n<link rel=\"canonical\" href=\"https:\/\/solido.co.mz\/pt\/contas-para-associacoes\/\" \/>\n<meta property=\"og:locale\" content=\"pt_PT\" \/>\n<meta property=\"og:type\" content=\"article\" \/>\n<meta property=\"og:title\" content=\"Contas para Associa\u00e7\u00f5es em Mozambique - S\u00f3lido - T\u00e1 F\u00e1cil\" \/>\n<meta property=\"og:description\" content=\"Abra conta para associa\u00e7\u00f5es no S\u00f3lido em Mozambique: ONGs, clubes, entidades sem fins lucrativos. Gest\u00e3o digital, seguran\u00e7a e apoio dedicado. T\u00e1 F\u00e1cil!\" \/>\n<meta property=\"og:url\" content=\"https:\/\/solido.co.mz\/pt\/contas-para-associacoes\/\" \/>\n<meta property=\"og:site_name\" content=\"S\u00f3lido - T\u00e1 F\u00e1cil\" \/>\n<meta property=\"article:publisher\" content=\"https:\/\/web.facebook.com\/solido.tafacil\/\" \/>\n<meta property=\"article:modified_time\" content=\"2025-11-10T12:38:29+00:00\" \/>\n<meta name=\"twitter:card\" content=\"summary_large_image\" \/>\n<meta name=\"twitter:label1\" content=\"Tempo estimado de leitura\" \/>\n\t<meta name=\"twitter:data1\" content=\"2 minutos\" \/>\n<script type=\"application\/ld+json\" class=\"yoast-schema-graph\">{\"@context\":\"https:\/\/schema.org\",\"@graph\":[{\"@type\":\"WebPage\",\"@id\":\"https:\/\/solido.co.mz\/contas-para-associacoes\/\",\"url\":\"https:\/\/solido.co.mz\/contas-para-associacoes\/\",\"name\":\"Contas para Associa\u00e7\u00f5es em Mozambique - S\u00f3lido - T\u00e1 F\u00e1cil\",\"isPartOf\":{\"@id\":\"https:\/\/solido.co.mz\/#website\"},\"datePublished\":\"2025-07-26T11:49:39+00:00\",\"dateModified\":\"2025-11-10T12:38:29+00:00\",\"description\":\"Abra conta para associa\u00e7\u00f5es no S\u00f3lido em Mozambique: ONGs, clubes, entidades sem fins lucrativos. Gest\u00e3o digital, seguran\u00e7a e apoio dedicado. T\u00e1 F\u00e1cil!\",\"breadcrumb\":{\"@id\":\"https:\/\/solido.co.mz\/contas-para-associacoes\/#breadcrumb\"},\"inLanguage\":\"pt-PT\",\"potentialAction\":[{\"@type\":\"ReadAction\",\"target\":[\"https:\/\/solido.co.mz\/contas-para-associacoes\/\"]}]},{\"@type\":\"BreadcrumbList\",\"@id\":\"https:\/\/solido.co.mz\/contas-para-associacoes\/#breadcrumb\",\"itemListElement\":[{\"@type\":\"ListItem\",\"position\":1,\"name\":\"In\u00edcio\",\"item\":\"https:\/\/solido.co.mz\/\"},{\"@type\":\"ListItem\",\"position\":2,\"name\":\"Contas para Associa\u00e7\u00f5es\"}]},{\"@type\":\"WebSite\",\"@id\":\"https:\/\/solido.co.mz\/#website\",\"url\":\"https:\/\/solido.co.mz\/\",\"name\":\"Microbanco S\u00f3lido\",\"description\":\"\",\"publisher\":{\"@id\":\"https:\/\/solido.co.mz\/#organization\"},\"potentialAction\":[{\"@type\":\"SearchAction\",\"target\":{\"@type\":\"EntryPoint\",\"urlTemplate\":\"https:\/\/solido.co.mz\/?s={search_term_string}\"},\"query-input\":{\"@type\":\"PropertyValueSpecification\",\"valueRequired\":true,\"valueName\":\"search_term_string\"}}],\"inLanguage\":\"pt-PT\"},{\"@type\":\"Organization\",\"@id\":\"https:\/\/solido.co.mz\/#organization\",\"name\":\"Microbanco S\u00f3lido: Banco digital em Mo\u00e7ambique\",\"url\":\"https:\/\/solido.co.mz\/\",\"logo\":{\"@type\":\"ImageObject\",\"inLanguage\":\"pt-PT\",\"@id\":\"https:\/\/solido.co.mz\/#\/schema\/logo\/image\/\",\"url\":\"https:\/\/solido.co.mz\/wp-content\/uploads\/2025\/10\/SOLIDO-LOG.png\",\"contentUrl\":\"https:\/\/solido.co.mz\/wp-content\/uploads\/2025\/10\/SOLIDO-LOG.png\",\"width\":225,\"height\":225,\"caption\":\"Microbanco S\u00f3lido: Banco digital em Mo\u00e7ambique\"},\"image\":{\"@id\":\"https:\/\/solido.co.mz\/#\/schema\/logo\/image\/\"},\"sameAs\":[\"https:\/\/web.facebook.com\/solido.tafacil\/\",\"https:\/\/www.linkedin.com\/company\/solidotafacil\",\"https:\/\/www.instagram.com\/microbanco_solido\/\"]}]}<\/script>\n<!-- \/ Yoast SEO plugin. -->","yoast_head_json":{"title":"Contas para Associa\u00e7\u00f5es em Mozambique - S\u00f3lido - T\u00e1 F\u00e1cil","description":"Abra conta para associa\u00e7\u00f5es no S\u00f3lido em Mozambique: ONGs, clubes, entidades sem fins lucrativos. Gest\u00e3o digital, seguran\u00e7a e apoio dedicado. T\u00e1 F\u00e1cil!","robots":{"index":"index","follow":"follow","max-snippet":"max-snippet:-1","max-image-preview":"max-image-preview:large","max-video-preview":"max-video-preview:-1"},"canonical":"https:\/\/solido.co.mz\/pt\/contas-para-associacoes\/","og_locale":"pt_PT","og_type":"article","og_title":"Contas para Associa\u00e7\u00f5es em Mozambique - S\u00f3lido - T\u00e1 F\u00e1cil","og_description":"Abra conta para associa\u00e7\u00f5es no S\u00f3lido em Mozambique: ONGs, clubes, entidades sem fins lucrativos. Gest\u00e3o digital, seguran\u00e7a e apoio dedicado. T\u00e1 F\u00e1cil!","og_url":"https:\/\/solido.co.mz\/pt\/contas-para-associacoes\/","og_site_name":"S\u00f3lido - T\u00e1 F\u00e1cil","article_publisher":"https:\/\/web.facebook.com\/solido.tafacil\/","article_modified_time":"2025-11-10T12:38:29+00:00","twitter_card":"summary_large_image","twitter_misc":{"Tempo estimado de leitura":"2 minutos"},"schema":{"@context":"https:\/\/schema.org","@graph":[{"@type":"WebPage","@id":"https:\/\/solido.co.mz\/contas-para-associacoes\/","url":"https:\/\/solido.co.mz\/contas-para-associacoes\/","name":"Contas para Associa\u00e7\u00f5es em Mozambique - S\u00f3lido - T\u00e1 F\u00e1cil","isPartOf":{"@id":"https:\/\/solido.co.mz\/#website"},"datePublished":"2025-07-26T11:49:39+00:00","dateModified":"2025-11-10T12:38:29+00:00","description":"Abra conta para associa\u00e7\u00f5es no S\u00f3lido em Mozambique: ONGs, clubes, entidades sem fins lucrativos. Gest\u00e3o digital, seguran\u00e7a e apoio dedicado. T\u00e1 F\u00e1cil!","breadcrumb":{"@id":"https:\/\/solido.co.mz\/contas-para-associacoes\/#breadcrumb"},"inLanguage":"pt-PT","potentialAction":[{"@type":"ReadAction","target":["https:\/\/solido.co.mz\/contas-para-associacoes\/"]}]},{"@type":"BreadcrumbList","@id":"https:\/\/solido.co.mz\/contas-para-associacoes\/#breadcrumb","itemListElement":[{"@type":"ListItem","position":1,"name":"In\u00edcio","item":"https:\/\/solido.co.mz\/"},{"@type":"ListItem","position":2,"name":"Contas para Associa\u00e7\u00f5es"}]},{"@type":"WebSite","@id":"https:\/\/solido.co.mz\/#website","url":"https:\/\/solido.co.mz\/","name":"Microbanco S\u00f3lido","description":"","publisher":{"@id":"https:\/\/solido.co.mz\/#organization"},"potentialAction":[{"@type":"SearchAction","target":{"@type":"EntryPoint","urlTemplate":"https:\/\/solido.co.mz\/?s={search_term_string}"},"query-input":{"@type":"PropertyValueSpecification","valueRequired":true,"valueName":"search_term_string"}}],"inLanguage":"pt-PT"},{"@type":"Organization","@id":"https:\/\/solido.co.mz\/#organization","name":"Microbanco S\u00f3lido: Banco digital em Mo\u00e7ambique","url":"https:\/\/solido.co.mz\/","logo":{"@type":"ImageObject","inLanguage":"pt-PT","@id":"https:\/\/solido.co.mz\/#\/schema\/logo\/image\/","url":"https:\/\/solido.co.mz\/wp-content\/uploads\/2025\/10\/SOLIDO-LOG.png","contentUrl":"https:\/\/solido.co.mz\/wp-content\/uploads\/2025\/10\/SOLIDO-LOG.png","width":225,"height":225,"caption":"Microbanco S\u00f3lido: Banco digital em Mo\u00e7ambique"},"image":{"@id":"https:\/\/solido.co.mz\/#\/schema\/logo\/image\/"},"sameAs":["https:\/\/web.facebook.com\/solido.tafacil\/","https:\/\/www.linkedin.com\/company\/solidotafacil","https:\/\/www.instagram.com\/microbanco_solido\/"]}]}},"_links":{"self":[{"href":"https:\/\/solido.co.mz\/pt\/wp-json\/wp\/v2\/pages\/12150","targetHints":{"allow":["GET"]}}],"collection":[{"href":"https:\/\/solido.co.mz\/pt\/wp-json\/wp\/v2\/pages"}],"about":[{"href":"https:\/\/solido.co.mz\/pt\/wp-json\/wp\/v2\/types\/page"}],"author":[{"embeddable":true,"href":"https:\/\/solido.co.mz\/pt\/wp-json\/wp\/v2\/users\/1"}],"replies":[{"embeddable":true,"href":"https:\/\/solido.co.mz\/pt\/wp-json\/wp\/v2\/comments?post=12150"}],"version-history":[{"count":32,"href":"https:\/\/solido.co.mz\/pt\/wp-json\/wp\/v2\/pages\/12150\/revisions"}],"predecessor-version":[{"id":13082,"href":"https:\/\/solido.co.mz\/pt\/wp-json\/wp\/v2\/pages\/12150\/revisions\/13082"}],"wp:attachment":[{"href":"https:\/\/solido.co.mz\/pt\/wp-json\/wp\/v2\/media?parent=12150"}],"curies":[{"name":"wp","href":"https:\/\/api.w.org\/{rel}","templated":true}]}}